{"id":1645,"date":"2015-02-03T07:03:47","date_gmt":"2015-02-03T07:03:47","guid":{"rendered":"http:\/\/wpbenl.guehring.de\/?page_id=1645"},"modified":"2021-10-05T06:41:44","modified_gmt":"2021-10-05T06:41:44","slug":"about-us","status":"publish","type":"page","link":"https:\/\/www.guehring.be\/?page_id=1645","title":{"rendered":"About us"},"content":{"rendered":"<p>[et_pb_section fb_built=&#8221;1&#8243; admin_label=&#8221;section&#8221; _builder_version=&#8221;3.22&#8243; background_color=&#8221;#ffffff&#8221; background_image=&#8221;\/wp-content\/uploads\/2015\/02\/gebaude_hell.jpg&#8221; parallax=&#8221;on&#8221; parallax_method=&#8221;off&#8221; transparent_background=&#8221;off&#8221;][et_pb_row admin_label=&#8221;row&#8221; _builder_version=&#8221;3.25&#8243; background_size=&#8221;initial&#8221; background_position=&#8221;top_left&#8221; background_repeat=&#8221;repeat&#8221;][et_pb_column type=&#8221;4_4&#8243; _builder_version=&#8221;3.25&#8243; custom_padding=&#8221;|||&#8221; custom_padding__hover=&#8221;|||&#8221;][et_pb_text admin_label=&#8221;Text&#8221; _builder_version=&#8221;3.27.4&#8243; background_size=&#8221;initial&#8221; background_position=&#8221;top_left&#8221; background_repeat=&#8221;repeat&#8221; use_border_color=&#8221;off&#8221; border_color=&#8221;#ffffff&#8221; border_style=&#8221;solid&#8221;]<\/p>\n<h1><strong>G\u00fchring Belgi\u00eb<\/strong><\/h1>\n<p>&nbsp;<\/p>\n<h3>G\u00fchring KG is nog \u00e9\u00e9n van die zeldzame producenten die zich uitsluitend focust op een specifieke productgroep. Dit is volgens ons de enige manier om een \u00e9chte specialist te zijn binnen een bepaald vakgebied. De filosofie van de firma bestaat eruit om een maximum van productieprocessen in eigen beheer te houden en zodoende ZELF uit te voeren. Zodoende is er steeds een maximale controle mogelijk en blijft ervaring en knowhow binnenshuis.<\/h3>\n<p>&nbsp;<\/p>\n<h3><span style=\"text-decoration: underline;\">Onze specialiteit zijn roterende massieve precisiegereedschappen <\/span><\/h3>\n<ul>\n<li>\n<h3>We fabriceren ZELF ons volhardmetaal in Berlijn\/G\u00fchring Duitsland.<\/h3>\n<\/li>\n<li>\n<h3>We produceren ZELF onze frezen, tappen, ruimers en boren in Albstadt\/G\u00fchring Duitsland<\/h3>\n<\/li>\n<li>\n<h3>We herslijpen en hercoaten ZELF uw gebruikte gereedschappen in \u00e9\u00e9n van onze talrijke G\u00fchring slijpcentra. Voor onze Belgisch &#8211; Luxemburgse markt is dit voornamelijk te Eindhoven\/G\u00fchring Nederland. Leverkusen of Saarbr\u00fccken\/G\u00fchring Duitsland behoren eveneens tot de mogelijkheden. Het naslijpen van gebruikte gereedschappen in eigen beheer <span style=\"text-decoration: underline;\">garandeert u steeds de originele geometrie en coating!<\/span><\/h3>\n<\/li>\n<li>\n<h3>We maken ZELF onze precisiehouders in Albstadt\/G\u00fchring Duitsland<\/h3>\n<\/li>\n<li>\n<h3>We bouwen ZELF onze gereedschapbeheersystemen (vending machines) in Onstmettingen\/G\u00fchring Duitsland<\/h3>\n<\/li>\n<li>\n<h3>We bouwen ZELF onze eigen G\u00fchring CNC slijpmachines (G\u00fchring UN en G\u00fchring US), louter voor eigen gebruik. Deze machines zijn wereldwijd verspreid in diverse G\u00fchring productieplants en slijpcentra<\/h3>\n<\/li>\n<\/ul>\n<h3><span style=\"text-decoration: underline;\">Doet G\u00fchring dit alles ZELF in eigen beheer?<\/span><\/h3>\n<ul>\n<li>\n<h3>Inderdaad, dit is onze filosofie \u00e9n ons vak sedert meer dan 100 jaar, sinds 1898 om precies te zijn.<\/h3>\n<\/li>\n<\/ul>\n<h3><span style=\"text-decoration: underline;\">Welke rol speelt G\u00fchring Belgi\u00eb hier?<\/span><\/h3>\n<ul>\n<li>\n<h3>G\u00fchring SA\/NV (G\u00fchring Belgi\u00eb) is een dochteronderneming van G\u00fchring KG (G\u00fchring Duitsland) en is gevestigd te Schoten bij Antwerpen.<\/h3>\n<\/li>\n<li>\n<h3>G\u00fchring Belgi\u00eb vertegenwoordigt G\u00fchring Duitsland op de Belgische markt en is de link tussen onze klant en het moederbedrijf in Duitsland.<\/h3>\n<\/li>\n<li>\n<h3>Wij vertalen uw behoeftes via onze technisch commerci\u00eble collega\u2019s naar de betreffende productiecentra en slijpcentra.<\/h3>\n<\/li>\n<li>\n<h3>Talrijke Duitse productspecialisten staan eveneens voor u klaar.<\/h3>\n<\/li>\n<li>\n<h3>Precisie, kwaliteit, technologie en service worden door uw bedrijfsfiliaal, G\u00fchring Belgi\u00eb, tot bij u in de werkplaats gebracht.<\/h3>\n<\/li>\n<\/ul>\n<p>[\/et_pb_text][et_pb_divider show_divider=&#8221;off&#8221; disabled_on=&#8221;on|on|off&#8221; admin_label=&#8221;Divider&#8221; _builder_version=&#8221;3.23.4&#8243; height=&#8221;250px&#8221;]<\/p>\n<p>[\/et_pb_divider][\/et_pb_column][\/et_pb_row][\/et_pb_section][et_pb_section fb_built=&#8221;1&#8243; admin_label=&#8221;section&#8221; _builder_version=&#8221;3.22&#8243; background_color=&#8221;#ffffff&#8221; background_image=&#8221;\/wp-content\/uploads\/2014\/02\/hg_dienstleistungen2.jpg&#8221; transparent_background=&#8221;off&#8221;][et_pb_row column_structure=&#8221;1_2,1_2&#8243; admin_label=&#8221;row&#8221; _builder_version=&#8221;3.25&#8243; background_size=&#8221;initial&#8221; background_position=&#8221;top_left&#8221; background_repeat=&#8221;repeat&#8221;][et_pb_column type=&#8221;1_2&#8243; _builder_version=&#8221;3.25&#8243; custom_padding=&#8221;|||&#8221; custom_padding__hover=&#8221;|||&#8221;][et_pb_text admin_label=&#8221;Text&#8221; _builder_version=&#8221;4.6.6&#8243; background_size=&#8221;initial&#8221; background_position=&#8221;top_left&#8221; background_repeat=&#8221;repeat&#8221; hover_enabled=&#8221;0&#8243; sticky_enabled=&#8221;0&#8243;]<\/p>\n<h1>Contact<\/h1>\n<p>&nbsp;<\/p>\n<div>\n<h2 class=\"openInMap\" title=\"auf der Karte anzeigen\">N.V. G\u00fchring S.A.<\/h2>\n<p>&nbsp;<\/p>\n<h4>Wijnegembaan 2 Unit 36<\/h4>\n<h4>2900 Schoten<\/h4>\n<p>&nbsp;<\/p>\n<\/div>\n<h4>Tel. +32 35 42 30 31<\/h4>\n<h4>Fax +32 35 41 39 72<\/h4>\n<p>&nbsp;<\/p>\n<h4><a href=\"mailto:info@guehring.be\">info@guehring.be<\/a><\/h4>\n<h4><a href=\"https:\/\/be.guehring.com\">www.guehring.be<\/a><\/h4>\n<p>[\/et_pb_text][\/et_pb_column][et_pb_column type=&#8221;1_2&#8243; _builder_version=&#8221;3.25&#8243; custom_padding=&#8221;|||&#8221; custom_padding__hover=&#8221;|||&#8221;][et_pb_image src=&#8221;\/wp-content\/uploads\/2015\/02\/gebaeude_kl.jpg&#8221; align_tablet=&#8221;center&#8221; align_phone=&#8221;&#8221; align_last_edited=&#8221;on|desktop&#8221; admin_label=&#8221;Image&#8221; _builder_version=&#8221;3.23&#8243; animation_style=&#8221;slide&#8221; animation_direction=&#8221;left&#8221; animation_duration=&#8221;500ms&#8221; animation_intensity_slide=&#8221;10%&#8221; animation=&#8221;left&#8221; sticky=&#8221;off&#8221;]<\/p>\n<p>[\/et_pb_image][\/et_pb_column][\/et_pb_row][\/et_pb_section]<\/p>\n","protected":false},"excerpt":{"rendered":"<p>G\u00fchring Belgi\u00eb &nbsp; G\u00fchring KG is nog \u00e9\u00e9n van die zeldzame producenten die zich uitsluitend focust op een specifieke productgroep. Dit is volgens ons de enige manier om een \u00e9chte specialist te zijn binnen een bepaald vakgebied. De filosofie van de firma bestaat eruit om een maximum van productieprocessen in eigen beheer te houden en [&hellip;]<\/p>\n","protected":false},"author":1,"featured_media":0,"parent":0,"menu_order":0,"comment_status":"open","ping_status":"open","template":"","meta":{"_et_pb_use_builder":"on","_et_pb_old_content":"","_et_gb_content_width":"","footnotes":""},"class_list":["post-1645","page","type-page","status-publish","hentry"],"_links":{"self":[{"href":"https:\/\/www.guehring.be\/index.php?rest_route=\/wp\/v2\/pages\/1645","targetHints":{"allow":["GET"]}}],"collection":[{"href":"https:\/\/www.guehring.be\/index.php?rest_route=\/wp\/v2\/pages"}],"about":[{"href":"https:\/\/www.guehring.be\/index.php?rest_route=\/wp\/v2\/types\/page"}],"author":[{"embeddable":true,"href":"https:\/\/www.guehring.be\/index.php?rest_route=\/wp\/v2\/users\/1"}],"replies":[{"embeddable":true,"href":"https:\/\/www.guehring.be\/index.php?rest_route=%2Fwp%2Fv2%2Fcomments&post=1645"}],"version-history":[{"count":21,"href":"https:\/\/www.guehring.be\/index.php?rest_route=\/wp\/v2\/pages\/1645\/revisions"}],"predecessor-version":[{"id":2209,"href":"https:\/\/www.guehring.be\/index.php?rest_route=\/wp\/v2\/pages\/1645\/revisions\/2209"}],"wp:attachment":[{"href":"https:\/\/www.guehring.be\/index.php?rest_route=%2Fwp%2Fv2%2Fmedia&parent=1645"}],"curies":[{"name":"wp","href":"https:\/\/api.w.org\/{rel}","templated":true}]}}