{"id":220,"date":"2014-03-25T12:01:47","date_gmt":"2014-03-25T10:01:47","guid":{"rendered":"http:\/\/sv-webdev2.guehring.de\/wp_laender2\/?page_id=220"},"modified":"2022-04-25T12:27:26","modified_gmt":"2022-04-25T12:27:26","slug":"unternehmen","status":"publish","type":"page","link":"https:\/\/www.guehring.be\/?page_id=220","title":{"rendered":"Company"},"content":{"rendered":"<p>[et_pb_section fb_built=&#8221;1&#8243; admin_label=&#8221;section&#8221; _builder_version=&#8221;3.22&#8243; background_color=&#8221;#ffffff&#8221; background_image=&#8221;https:\/\/be.guehring.com\/wp-content\/uploads\/2018\/03\/unternehmen.jpg&#8221;][et_pb_row admin_label=&#8221;row&#8221; _builder_version=&#8221;3.25&#8243; background_size=&#8221;initial&#8221; background_position=&#8221;top_left&#8221; background_repeat=&#8221;repeat&#8221;][et_pb_column type=&#8221;4_4&#8243; _builder_version=&#8221;3.25&#8243; custom_padding=&#8221;|||&#8221; custom_padding__hover=&#8221;|||&#8221;][et_pb_text admin_label=&#8221;Own carbide production&#8230;&#8221; _builder_version=&#8221;3.27.4&#8243; background_size=&#8221;initial&#8221; background_position=&#8221;top_left&#8221; background_repeat=&#8221;repeat&#8221;]<\/p>\n<h2>Eigen hardmetaalproductie. Eigen machinebouwdivisie. Eigen coatingtechnologie. Onze wereldwijde gekwalificeerde organisatie bestaat uit meer dan 60 productie- en servicecentra en 46 verkoopkantoren.<\/h2>\n<p>&nbsp;<br \/>\n[\/et_pb_text][et_pb_divider show_divider=&#8221;off&#8221; disabled_on=&#8221;on|on|off&#8221; _builder_version=&#8221;3.23.4&#8243; height=&#8221;600px&#8221;][\/et_pb_divider][\/et_pb_column][\/et_pb_row][\/et_pb_section][et_pb_section fb_built=&#8221;1&#8243; admin_label=&#8221;section&#8221; _builder_version=&#8221;3.22&#8243; background_color=&#8221;#ffffff&#8221; background_image=&#8221;\/wp-content\/uploads\/2014\/03\/unternehmen_verlauf.jpg&#8221;][et_pb_row admin_label=&#8221;row&#8221; _builder_version=&#8221;3.25&#8243; background_size=&#8221;initial&#8221; background_position=&#8221;top_left&#8221; background_repeat=&#8221;repeat&#8221; column_structure=&#8221;1_4,1_4,1_4,1_4&#8243;][et_pb_column type=&#8221;1_4&#8243; _builder_version=&#8221;3.25&#8243; custom_padding=&#8221;|||&#8221; custom_padding__hover=&#8221;|||&#8221;][et_pb_text admin_label=&#8221;Dr. J\u00f6rg G\u00fchring&#8221; _builder_version=&#8221;4.6.6&#8243; background_size=&#8221;initial&#8221; background_position=&#8221;top_left&#8221; background_repeat=&#8221;repeat&#8221; hover_enabled=&#8221;0&#8243; sticky_enabled=&#8221;0&#8243;]<\/p>\n<div>\n<div>\n<h3>Dr. J\u00f6rg G\u00fchring<\/h3>\n<h4>\u2020 26.01.2021<br \/>Chairman of the Board of Management 1985-2021<\/h4>\n<\/div>\n<\/div>\n<p>[\/et_pb_text][\/et_pb_column][et_pb_column type=&#8221;1_4&#8243; _builder_version=&#8221;3.25&#8243; custom_padding=&#8221;|||&#8221; custom_padding__hover=&#8221;|||&#8221;][et_pb_text admin_label=&#8221;Oliver G\u00fchring&#8221; _builder_version=&#8221;4.6.6&#8243; background_size=&#8221;initial&#8221; background_position=&#8221;top_left&#8221; background_repeat=&#8221;repeat&#8221; hover_enabled=&#8221;0&#8243; sticky_enabled=&#8221;0&#8243;]<\/p>\n<div>\n<div>\n<h3>Oliver G\u00fchring<\/h3>\n<h4>Chairman of the Board of Management<br \/>Sales and Marketing Director<\/h4>\n<\/div>\n<\/div>\n<p>[\/et_pb_text][\/et_pb_column][et_pb_column type=&#8221;1_4&#8243; _builder_version=&#8221;3.25&#8243; custom_padding=&#8221;|||&#8221; custom_padding__hover=&#8221;|||&#8221;][et_pb_text admin_label=&#8221;Dietmar Pfr\u00e4nger&#8221; _builder_version=&#8221;4.6.6&#8243; background_size=&#8221;initial&#8221; background_position=&#8221;top_left&#8221; background_repeat=&#8221;repeat&#8221; hover_enabled=&#8221;0&#8243; sticky_enabled=&#8221;0&#8243;]<\/p>\n<h3>Dietmar Pfr\u00e4nger<\/h3>\n<h4>R&amp;D, Logistics, Technical and Production Director<\/h4>\n<p>[\/et_pb_text][\/et_pb_column][et_pb_column type=&#8221;1_4&#8243; _builder_version=&#8221;3.25&#8243; custom_padding=&#8221;|||&#8221; custom_padding__hover=&#8221;|||&#8221;][et_pb_text admin_label=&#8221;Bernd Schatz&#8221; _builder_version=&#8221;4.6.6&#8243; background_size=&#8221;initial&#8221; background_position=&#8221;top_left&#8221; background_repeat=&#8221;repeat&#8221; hover_enabled=&#8221;0&#8243; sticky_enabled=&#8221;0&#8243;]<\/p>\n<div>\n<div>\n<h3>Bernd Schatz<\/h3>\n<div class=\"et_pb_blurb_description\">\n<h4>Financial and Commercial Director<\/h4>\n<\/div>\n<\/div>\n<\/div>\n<p>[\/et_pb_text][\/et_pb_column][\/et_pb_row][et_pb_row admin_label=&#8221;row&#8221; _builder_version=&#8221;3.25&#8243; background_size=&#8221;initial&#8221; background_position=&#8221;top_left&#8221; background_repeat=&#8221;repeat&#8221;][et_pb_column type=&#8221;4_4&#8243; _builder_version=&#8221;3.25&#8243; custom_padding=&#8221;|||&#8221; custom_padding__hover=&#8221;|||&#8221;][et_pb_text admin_label=&#8221;Guhring is a company rich in traditions &#8230;&#8221; _builder_version=&#8221;3.27.4&#8243; background_size=&#8221;initial&#8221; background_position=&#8221;top_left&#8221; background_repeat=&#8221;repeat&#8221;]<\/p>\n<div id=\"m75\">\n<div>\n<div>\n<div>\n<h1>G\u00fchring is een firma met een rijke traditie en is vandaag \u00e9\u00e9n van de meest vooraanstaande producenten van precisiegereedschappen.<\/h1>\n<\/div>\n<\/div>\n<div>\n<div>\n<h2>Hoge productiviteit, hoge efficiency en optimale bewerkingsresultaten. Dit zijn de principes waarop onze producten worden ontwikkeld en geproduceerd sedert meer dan 100 jaar.<\/h2>\n<h3>Een eigen hardmetaalproductie en machinebouwdivisie, onze coatingtechnologie en een ultramodern R&amp;D centrum staan borg voor de meest geavanceerde gereedschappen.<\/h3>\n<h3>De service divisie (herslijpen, hercoaten, bouwen van vending machines) biedt ondersteuning en oplossingen rondom uw verspaningsproces.<\/h3>\n<\/div>\n<\/div>\n<\/div>\n<\/div>\n<p>&nbsp;<br \/>\n[\/et_pb_text][\/et_pb_column][\/et_pb_row][\/et_pb_section][et_pb_section fb_built=&#8221;1&#8243; admin_label=&#8221;section&#8221; _builder_version=&#8221;3.22&#8243; background_color=&#8221;#ffffff&#8221; background_image=&#8221;\/wp-content\/uploads\/2014\/03\/hg_wertschoepfung.jpg&#8221; parallax=&#8221;on&#8221; parallax_method=&#8221;css&#8221;][et_pb_row admin_label=&#8221;row&#8221; _builder_version=&#8221;3.25&#8243; background_size=&#8221;initial&#8221; background_position=&#8221;top_left&#8221; background_repeat=&#8221;repeat&#8221;][et_pb_column type=&#8221;4_4&#8243; _builder_version=&#8221;3.25&#8243; custom_padding=&#8221;|||&#8221; custom_padding__hover=&#8221;|||&#8221;][et_pb_text _builder_version=&#8221;3.27.4&#8243; background_size=&#8221;initial&#8221; background_position=&#8221;top_left&#8221; background_repeat=&#8221;repeat&#8221;]<\/p>\n<h2>Het samenspel van onze eigen basismaterialen, geometrie\u00ebn en coatings. Dit alles geproduceerd op G\u00fchring productieslijpmachines, leidt tot een performant resultaat en vormt de sterkte van een G\u00fchring gereedschap.<\/h2>\n<p>&nbsp;<\/p>\n<p>&nbsp;<br \/>\n[\/et_pb_text][et_pb_image src=&#8221;\/wp-content\/uploads\/2014\/03\/wertschoepfungskette_be.png&#8221; align_tablet=&#8221;center&#8221; align_last_edited=&#8221;on|desktop&#8221; admin_label=&#8221;Value-added chain &#8221; _builder_version=&#8221;3.23&#8243; animation_style=&#8221;slide&#8221; animation_direction=&#8221;left&#8221; animation_duration=&#8221;500ms&#8221; animation_intensity_slide=&#8221;10%&#8221; animation=&#8221;left&#8221; sticky=&#8221;off&#8221;][\/et_pb_image][\/et_pb_column][\/et_pb_row][\/et_pb_section][et_pb_section fb_built=&#8221;1&#8243; admin_label=&#8221;section&#8221; _builder_version=&#8221;3.22&#8243; background_color=&#8221;#ffffff&#8221; background_image=&#8221;\/wp-content\/uploads\/2014\/03\/zeitleiste.jpg&#8221;][et_pb_row admin_label=&#8221;row&#8221; _builder_version=&#8221;3.25&#8243; background_size=&#8221;initial&#8221; background_position=&#8221;top_left&#8221; background_repeat=&#8221;repeat&#8221;][et_pb_column type=&#8221;4_4&#8243; _builder_version=&#8221;3.25&#8243; custom_padding=&#8221;|||&#8221; custom_padding__hover=&#8221;|||&#8221;][et_pb_text admin_label=&#8221;Facts and figures&#8221; _builder_version=&#8221;3.27.4&#8243; background_size=&#8221;initial&#8221; background_position=&#8221;top_left&#8221; background_repeat=&#8221;repeat&#8221;]<\/p>\n<h1>Feiten en Cijfers<\/h1>\n<p>&nbsp;<br \/>\n[\/et_pb_text][\/et_pb_column][\/et_pb_row][et_pb_row admin_label=&#8221;row&#8221; _builder_version=&#8221;3.25&#8243; background_size=&#8221;initial&#8221; background_position=&#8221;top_left&#8221; background_repeat=&#8221;repeat&#8221; column_structure=&#8221;1_2,1_2&#8243;][et_pb_column type=&#8221;1_2&#8243; _builder_version=&#8221;3.25&#8243; custom_padding=&#8221;|||&#8221; custom_padding__hover=&#8221;|||&#8221;][et_pb_text admin_label=&#8221;1898 founded by&#8221; _builder_version=&#8221;3.27.4&#8243; background_size=&#8221;initial&#8221; background_position=&#8221;top_left&#8221; background_repeat=&#8221;repeat&#8221; use_border_color=&#8221;off&#8221; border_color=&#8221;#ffffff&#8221; border_style=&#8221;solid&#8221;]<\/p>\n<div>\n<div>\n<h2>1898 opgericht door<\/h2>\n<h2>Gottlieb G\u00fchring<\/h2>\n<\/div>\n<\/div>\n<p>[\/et_pb_text][et_pb_divider show_divider=&#8221;off&#8221; disabled_on=&#8221;on|on|off&#8221; _builder_version=&#8221;3.23.4&#8243; height=&#8221;150px&#8221;][\/et_pb_divider][et_pb_text admin_label=&#8221;1921 Oskar G\u00fchring&#8221; _builder_version=&#8221;3.27.4&#8243; background_size=&#8221;initial&#8221; background_position=&#8221;top_left&#8221; background_repeat=&#8221;repeat&#8221; use_border_color=&#8221;off&#8221; border_color=&#8221;#ffffff&#8221; border_style=&#8221;solid&#8221;]<\/p>\n<h2>1921 zoon Oskar G\u00fchring,<\/h2>\n<h2>neemt het bedrijf over.<\/h2>\n<p>&nbsp;<\/p>\n<p>&nbsp;<br \/>\n[\/et_pb_text][et_pb_divider show_divider=&#8221;off&#8221; disabled_on=&#8221;on|on|off&#8221; _builder_version=&#8221;3.23.4&#8243; height=&#8221;50px&#8221;][\/et_pb_divider][et_pb_text admin_label=&#8221;1964 Dr. J\u00f6rg&#8221; _builder_version=&#8221;3.27.4&#8243; background_size=&#8221;initial&#8221; background_position=&#8221;top_left&#8221; background_repeat=&#8221;repeat&#8221; use_border_color=&#8221;off&#8221; border_color=&#8221;#ffffff&#8221; border_style=&#8221;solid&#8221;]<\/p>\n<div>\n<div>\n<h2>1964 derde generatie Dr. J\u00f6rg G\u00fchring vervoegt de firma.<\/h2>\n<\/div>\n<\/div>\n<p>[\/et_pb_text][et_pb_divider show_divider=&#8221;off&#8221; disabled_on=&#8221;on|on|off&#8221; _builder_version=&#8221;3.23.4&#8243; height=&#8221;50px&#8221;][\/et_pb_divider][et_pb_text admin_label=&#8221;1985 takes over the management of the company &#8221; _builder_version=&#8221;3.27.4&#8243; background_size=&#8221;initial&#8221; background_position=&#8221;top_left&#8221; background_repeat=&#8221;repeat&#8221; use_border_color=&#8221;off&#8221; border_color=&#8221;#ffffff&#8221; border_style=&#8221;solid&#8221;]<\/p>\n<div>\n<div>\n<h2>1985<\/h2>\n<h2>Dr. J\u00f6rg G\u00fchring<\/h2>\n<h2>komt aan het<\/h2>\n<h2>hoofd van de firma.<\/h2>\n<\/div>\n<\/div>\n<p>[\/et_pb_text][et_pb_divider show_divider=&#8221;off&#8221; disabled_on=&#8221;on|on|off&#8221; _builder_version=&#8221;3.23.4&#8243; height=&#8221;50px&#8221;][\/et_pb_divider][et_pb_text admin_label=&#8221;2000&#8243; _builder_version=&#8221;3.27.4&#8243; background_size=&#8221;initial&#8221; background_position=&#8221;top_left&#8221; background_repeat=&#8221;repeat&#8221; use_border_color=&#8221;off&#8221; border_color=&#8221;#ffffff&#8221; border_style=&#8221;solid&#8221;]<\/p>\n<div>\n<div>\n<h2>2000 vierde generatie Oliver G\u00fchring<\/h2>\n<h2>doet zijn intrede in de onderneming.<\/h2>\n<\/div>\n<\/div>\n<p>[\/et_pb_text][\/et_pb_column][et_pb_column type=&#8221;1_2&#8243; _builder_version=&#8221;3.25&#8243; custom_padding=&#8221;|||&#8221; custom_padding__hover=&#8221;|||&#8221;][et_pb_divider show_divider=&#8221;off&#8221; disabled_on=&#8221;on|on|off&#8221; _builder_version=&#8221;3.23.4&#8243; height=&#8221;150px&#8221;][\/et_pb_divider][et_pb_text _builder_version=&#8221;3.27.4&#8243; background_size=&#8221;initial&#8221; background_position=&#8221;top_left&#8221; background_repeat=&#8221;repeat&#8221; use_border_color=&#8221;off&#8221; border_color=&#8221;#ffffff&#8221; border_style=&#8221;solid&#8221;]<\/p>\n<h2>Wist u dat G\u00fchring:<\/h2>\n<p>[\/et_pb_text][et_pb_text admin_label=&#8221;divider&#8221; _builder_version=&#8221;3.27.4&#8243; background_size=&#8221;initial&#8221; background_position=&#8221;top_left&#8221; background_repeat=&#8221;repeat&#8221;]<img loading=\"lazy\" decoding=\"async\" class=\"alignnone wp-image-287 size-full\" src=\"..\/wp-content\/uploads\/2014\/03\/strich_rechts.png\" alt=\"strich_rechts\" width=\"380\" height=\"64\" \/><br \/>\n[\/et_pb_text][et_pb_text admin_label=&#8221;Inventor&#8221; _builder_version=&#8221;3.27.4&#8243; background_size=&#8221;initial&#8221; background_position=&#8221;top_left&#8221; background_repeat=&#8221;repeat&#8221; use_border_color=&#8221;off&#8221; border_color=&#8221;#ffffff&#8221; border_style=&#8221;solid&#8221;]<\/p>\n<h2>Het coaten van snijgereedschappen<\/h2>\n<h2>heeft uitgevonden?<\/h2>\n<p>[\/et_pb_text][et_pb_text admin_label=&#8221;Standard program&#8230;&#8221; _builder_version=&#8221;3.27.4&#8243; background_size=&#8221;initial&#8221; background_position=&#8221;top_left&#8221; background_repeat=&#8221;repeat&#8221; use_border_color=&#8221;off&#8221; border_color=&#8221;#ffffff&#8221; border_style=&#8221;solid&#8221;]<\/p>\n<h2>Een standaardgamma produceert bestaande uit<\/h2>\n<h2>1.850 verschillende producttypes<\/h2>\n<h2>en 45.000 individuele referenties?<\/h2>\n<p>[\/et_pb_text][et_pb_text admin_label=&#8221;Leading Tool Management provider&#8221; _builder_version=&#8221;3.27.4&#8243; background_size=&#8221;initial&#8221; background_position=&#8221;top_left&#8221; background_repeat=&#8221;repeat&#8221;]<\/p>\n<div>\n<div>\n<h2>Voortrekker is in het aanbieden van gereedschapbeheersystemen?<\/h2>\n<h2>Wereldwijd zijn er momenteel meer dan 900 G\u00fchring TM &#8211; tool management concepten &#8211; ge\u00efnstalleerd.<\/h2>\n<p>&nbsp;<\/p>\n<\/div>\n<\/div>\n<div>\n<div>\n<h2>De HSK opname heeft ontworpen?<\/h2>\n<\/div>\n<\/div>\n<p>[\/et_pb_text][et_pb_divider show_divider=&#8221;off&#8221; disabled_on=&#8221;on|on|off&#8221; _builder_version=&#8221;3.23.4&#8243; height=&#8221;50px&#8221; hide_on_mobile=&#8221;on&#8221;][\/et_pb_divider][et_pb_text admin_label=&#8221;130 application&#8221; _builder_version=&#8221;3.27.4&#8243; background_size=&#8221;initial&#8221; background_position=&#8221;top_left&#8221; background_repeat=&#8221;repeat&#8221; use_border_color=&#8221;off&#8221; border_color=&#8221;#ffffff&#8221; border_style=&#8221;solid&#8221;]<\/p>\n<div>\n<div>\n<h2>130 productspecialisten telt die dagelijks onze vertegenwoordigers<\/h2>\n<h2>en onze klanten bijstaan?<\/h2>\n<\/div>\n<\/div>\n<p>[\/et_pb_text][et_pb_text admin_label=&#8221;Een globaal network&#8230;&#8221; _builder_version=&#8221;3.27.4&#8243; background_size=&#8221;initial&#8221; background_position=&#8221;top_left&#8221; background_repeat=&#8221;repeat&#8221;]<\/p>\n<h2>Een globaal netwerk heeft van 60 productie- en servicecentra,<\/h2>\n<h2>44 landfilialen en 25 handelsagenten?<\/h2>\n<p>&nbsp;<\/p>\n<h2>600 lopende patenten heeft?<\/h2>\n<p>[\/et_pb_text][et_pb_text admin_label=&#8221;Pioneer in&#8230;&#8221; _builder_version=&#8221;3.27.4&#8243; background_size=&#8221;initial&#8221; background_position=&#8221;top_left&#8221; background_repeat=&#8221;repeat&#8221;]<\/p>\n<div>\n<div>\n<h2>Een pionier is in de ontwikkeling van de microsmeertechnologie in de verspaning?<\/h2>\n<\/div>\n<\/div>\n<div><\/div>\n<p>[\/et_pb_text][et_pb_text _builder_version=&#8221;3.27.4&#8243; background_size=&#8221;initial&#8221; background_position=&#8221;top_left&#8221; background_repeat=&#8221;repeat&#8221;]<\/p>\n<h2>Wereldwijd 6.000 medewerkers telt waarvan er in Duitsland<\/h2>\n<h2>250 als &#8220;apprenticeship&#8221; student actief zijn in de firma?<\/h2>\n<p>[\/et_pb_text][\/et_pb_column][\/et_pb_row][\/et_pb_section][et_pb_section fb_built=&#8221;1&#8243; admin_label=&#8221;section&#8221; _builder_version=&#8221;3.22&#8243; background_color=&#8221;#ffffff&#8221; background_image=&#8221;\/wp-content\/uploads\/2014\/03\/hintergrund.jpg&#8221;][et_pb_row admin_label=&#8221;row&#8221; _builder_version=&#8221;4.6.6&#8243; background_size=&#8221;initial&#8221; background_position=&#8221;top_left&#8221; background_repeat=&#8221;repeat&#8221; hover_enabled=&#8221;0&#8243; sticky_enabled=&#8221;0&#8243;][et_pb_column type=&#8221;4_4&#8243; _builder_version=&#8221;3.25&#8243; custom_padding=&#8221;|||&#8221; custom_padding__hover=&#8221;|||&#8221;][et_pb_text admin_label=&#8221;Quality and Certificates &#8221; _builder_version=&#8221;3.27.4&#8243; background_size=&#8221;initial&#8221; background_position=&#8221;top_left&#8221; background_repeat=&#8221;repeat&#8221;]<\/p>\n<h2>Kwaliteit en certificaten<\/h2>\n<p>[\/et_pb_text][et_pb_text admin_label=&#8221;We set the standards for the future!&#8221; _builder_version=&#8221;3.27.4&#8243; background_size=&#8221;initial&#8221; background_position=&#8221;top_left&#8221; background_repeat=&#8221;repeat&#8221;]<\/p>\n<div>\n<div>\n<h1>Wij zetten de norm voor de toekomst!<\/h1>\n<h3>G\u00fchring was de eerste gereedschapproducent welke de VW group classificatie \u201cuitstekende leverancier\u201d kreeg. Vele andere ondernemingen als John Deere, General Moters, Caterpillar, British Aerospace, MTU M\u00fcnchen en de Schaeffler group hebben G\u00fchring eveneens genomineerd.<\/h3>\n<\/div>\n<\/div>\n<p>[\/et_pb_text][\/et_pb_column][\/et_pb_row][\/et_pb_section][et_pb_section fb_built=&#8221;1&#8243; admin_label=&#8221;section&#8221; _builder_version=&#8221;3.22&#8243; background_color=&#8221;#ffffff&#8221; background_image=&#8221;\/wp-content\/uploads\/2014\/03\/hintergrund.jpg&#8221;][et_pb_row admin_label=&#8221;row&#8221; _builder_version=&#8221;3.25&#8243; background_size=&#8221;initial&#8221; background_position=&#8221;top_left&#8221; background_repeat=&#8221;repeat&#8221;][et_pb_column type=&#8221;4_4&#8243; _builder_version=&#8221;3.25&#8243; custom_padding=&#8221;|||&#8221; custom_padding__hover=&#8221;|||&#8221;][et_pb_text _builder_version=&#8221;3.27.4&#8243; background_size=&#8221;initial&#8221; background_position=&#8221;top_left&#8221; background_repeat=&#8221;repeat&#8221;]<\/p>\n<h3><span style=\"color: white;\"><span style=\"color: black;\"><span style=\"color: black;\">De basis voor deze nominaties is de hoge waarde die G\u00fchring toekent aan de kwaliteit van haar producten en service. G\u00fchring beschikt eveneens over de volgende certificaten:<\/span><\/span><\/span><\/h3>\n<div>\n<div>\n<table border=\"1\" width=\"100%\" frame=\"HSIDES\" rules=\"ROWS\" cellspacing=\"1\" cellpadding=\"14\">\n<tbody>\n<tr>\n<td width=\"40%\">ISO 9001:2008<\/td>\n<td width=\"60%\">Kwaliteitsborgingssysteem<\/td>\n<\/tr>\n<tr>\n<td width=\"40%\">EN ISO 13485 + AC:2009<\/td>\n<td width=\"60%\">Kwaliteitsborgingssysteem voor gereedschappen t.b.v. medische producten<\/td>\n<\/tr>\n<tr>\n<td width=\"40%\">ISO 14001:2004 + Cor 1:2009<\/td>\n<td width=\"60%\">Milieubeheersysteem<\/td>\n<\/tr>\n<tr>\n<td width=\"40%\">AEO Certificate<\/td>\n<td width=\"60%\">Authorised Economic Operator<\/td>\n<\/tr>\n<\/tbody>\n<\/table>\n<\/div>\n<\/div>\n<p>&nbsp;<br \/>\n[\/et_pb_text][\/et_pb_column][\/et_pb_row][et_pb_row admin_label=&#8221;row&#8221; _builder_version=&#8221;3.25&#8243; background_size=&#8221;initial&#8221; background_position=&#8221;top_left&#8221; background_repeat=&#8221;repeat&#8221; column_structure=&#8221;1_3,2_3&#8243;][et_pb_column type=&#8221;1_3&#8243; _builder_version=&#8221;3.25&#8243; custom_padding=&#8221;|||&#8221; custom_padding__hover=&#8221;|||&#8221;][et_pb_blurb url_new_window=&#8221;on&#8221; image=&#8221;\/wp-content\/uploads\/2014\/03\/icon_zert1.png&#8221; alt=&#8221;Certificates&#8221; image_max_width=&#8221;none&#8221; admin_label=&#8221;icon zertifikat&#8221; _builder_version=&#8221;3.0.74&#8243; background_size=&#8221;initial&#8221; background_position=&#8221;top_left&#8221; background_repeat=&#8221;repeat&#8221; text_orientation=&#8221;center&#8221; hover_enabled=&#8221;0&#8243; sticky_enabled=&#8221;0&#8243;][\/et_pb_blurb][\/et_pb_column][et_pb_column type=&#8221;2_3&#8243; _builder_version=&#8221;3.25&#8243; custom_padding=&#8221;|||&#8221; custom_padding__hover=&#8221;|||&#8221;][et_pb_text admin_label=&#8221;Text neben Zert&#8221; _builder_version=&#8221;4.6.6&#8243; background_size=&#8221;initial&#8221; background_position=&#8221;top_left&#8221; background_repeat=&#8221;repeat&#8221; hover_enabled=&#8221;0&#8243; sticky_enabled=&#8221;0&#8243;]<\/p>\n<h3>Audits:<\/h3>\n<h3>VDA 6.1; VDA 6.4; TS 16949; EFQM; FDA; Aviation<\/h3>\n<h3>De certificaten kunnen <span style=\"color: #800000;\"><strong><a style=\"color: #800000;\" href=\"https:\/\/www.guehring.de\/de\/ueber-uns\/newsroom\/downloads.php\" target=\"_blank\" rel=\"noopener\">hier<\/a><\/strong><\/span> gedownload worden als pdf bestand.<\/h3>\n<p>[\/et_pb_text][\/et_pb_column][\/et_pb_row][\/et_pb_section]<\/p>\n","protected":false},"excerpt":{"rendered":"<p>Eigen hardmetaalproductie. Eigen machinebouwdivisie. Eigen coatingtechnologie. Onze wereldwijde gekwalificeerde organisatie bestaat uit meer dan 60 productie- en servicecentra en 46 verkoopkantoren. &nbsp; Dr. J\u00f6rg G\u00fchring \u2020 26.01.2021Chairman of the Board of Management 1985-2021 Oliver G\u00fchring Chairman of the Board of ManagementSales and Marketing Director Dietmar Pfr\u00e4nger R&amp;D, Logistics, Technical and Production Director Bernd Schatz Financial [&hellip;]<\/p>\n","protected":false},"author":1,"featured_media":0,"parent":0,"menu_order":0,"comment_status":"open","ping_status":"open","template":"","meta":{"_et_pb_use_builder":"on","_et_pb_old_content":"","_et_gb_content_width":"","footnotes":""},"class_list":["post-220","page","type-page","status-publish","hentry"],"_links":{"self":[{"href":"https:\/\/www.guehring.be\/index.php?rest_route=\/wp\/v2\/pages\/220","targetHints":{"allow":["GET"]}}],"collection":[{"href":"https:\/\/www.guehring.be\/index.php?rest_route=\/wp\/v2\/pages"}],"about":[{"href":"https:\/\/www.guehring.be\/index.php?rest_route=\/wp\/v2\/types\/page"}],"author":[{"embeddable":true,"href":"https:\/\/www.guehring.be\/index.php?rest_route=\/wp\/v2\/users\/1"}],"replies":[{"embeddable":true,"href":"https:\/\/www.guehring.be\/index.php?rest_route=%2Fwp%2Fv2%2Fcomments&post=220"}],"version-history":[{"count":72,"href":"https:\/\/www.guehring.be\/index.php?rest_route=\/wp\/v2\/pages\/220\/revisions"}],"predecessor-version":[{"id":2221,"href":"https:\/\/www.guehring.be\/index.php?rest_route=\/wp\/v2\/pages\/220\/revisions\/2221"}],"wp:attachment":[{"href":"https:\/\/www.guehring.be\/index.php?rest_route=%2Fwp%2Fv2%2Fmedia&parent=220"}],"curies":[{"name":"wp","href":"https:\/\/api.w.org\/{rel}","templated":true}]}}