{"id":342,"date":"2014-03-28T15:08:48","date_gmt":"2014-03-28T13:08:48","guid":{"rendered":"http:\/\/sv-webdev2.guehring.de\/wp_laender2\/?page_id=342"},"modified":"2018-01-16T09:29:59","modified_gmt":"2018-01-16T09:29:59","slug":"industries-branchen","status":"publish","type":"page","link":"https:\/\/www.guehring.be\/?page_id=342","title":{"rendered":"Industries &#8211; Branchen"},"content":{"rendered":"<p>[et_pb_section bb_built=&#8221;1&#8243; admin_label=&#8221;section&#8221; background_image=&#8221;\/wp-content\/uploads\/2014\/03\/HG_branchen.jpg&#8221; background_color=&#8221;#ffffff&#8221; inner_shadow=&#8221;off&#8221; parallax=&#8221;on&#8221; parallax_method=&#8221;css&#8221;][et_pb_row admin_label=&#8221;row&#8221; background_position=&#8221;top_left&#8221; background_repeat=&#8221;repeat&#8221; background_size=&#8221;initial&#8221;][et_pb_column type=&#8221;4_4&#8243;][et_pb_text admin_label=&#8221;Branches&#8221; background_layout=&#8221;light&#8221; text_orientation=&#8221;left&#8221; background_position=&#8221;top_left&#8221; background_repeat=&#8221;repeat&#8221; background_size=&#8221;initial&#8221;]<\/p>\n<p><a href=\"http:\/\/wpbenl.guehring.de\/wp-content\/uploads\/2014\/03\/ABs_Branchen.png\"><img loading=\"lazy\" decoding=\"async\" class=\"alignnone wp-image-1553 size-full\" src=\"https:\/\/wpbenl.guehring.de\/wp-content\/uploads\/2014\/03\/ABs_Branchen.png\" alt=\"\" width=\"954\" height=\"267\" srcset=\"https:\/\/www.guehring.be\/wp-content\/uploads\/2014\/03\/ABs_Branchen.png 954w, https:\/\/www.guehring.be\/wp-content\/uploads\/2014\/03\/ABs_Branchen-300x83.png 300w\" sizes=\"(max-width: 954px) 100vw, 954px\" \/><\/a><\/p>\n<p>[\/et_pb_text][et_pb_divider color=&#8221;#ffffff&#8221; show_divider=&#8221;off&#8221; height=&#8221;230&#8243; disabled_on=&#8221;on|on|off&#8221;]<br \/>\n[\/et_pb_divider][et_pb_text background_layout=&#8221;light&#8221; text_orientation=&#8221;left&#8221; text_font_size=&#8221;14&#8243; use_border_color=&#8221;off&#8221; border_color=&#8221;#ffffff&#8221; border_style=&#8221;solid&#8221; background_position=&#8221;top_left&#8221; background_repeat=&#8221;repeat&#8221; background_size=&#8221;initial&#8221;]<\/p>\n<div>\n<div>\n<h1>Samengebalde kennis en ervaring<\/h1>\n<div>\n<div>\n<h2>Performante oplossingen voor snelgroeiende industrietakken<\/h2>\n<p>&nbsp;<\/p>\n<h3>G\u00fchring beschikt over eigen key-account afdelingen voor specifieke sectoren als automobiel, luchtvaart,\u2026<\/h3>\n<h3>Wij beschikken over een enorme know-how\u2026<\/h3>\n<p>&nbsp;<\/p>\n<\/div>\n<\/div>\n<\/div>\n<\/div>\n<p>[\/et_pb_text][\/et_pb_column][\/et_pb_row][\/et_pb_section][et_pb_section bb_built=&#8221;1&#8243; admin_label=&#8221;section&#8221; fullwidth=&#8221;off&#8221; background_image=&#8221;\/wp-content\/uploads\/2014\/03\/hg_flieger.jpg&#8221; background_color=&#8221;#ffffff&#8221; inner_shadow=&#8221;off&#8221; parallax=&#8221;on&#8221; parallax_method=&#8221;css&#8221;][et_pb_row admin_label=&#8221;row&#8221; background_position=&#8221;top_left&#8221; background_repeat=&#8221;repeat&#8221; background_size=&#8221;initial&#8221;][et_pb_column type=&#8221;4_4&#8243;][et_pb_text admin_label=&#8221;Aircraft&#8221; background_layout=&#8221;light&#8221; text_orientation=&#8221;left&#8221; background_position=&#8221;top_left&#8221; background_repeat=&#8221;repeat&#8221; background_size=&#8221;initial&#8221;]<\/p>\n<p><a name=\"aircraft\"><\/a><\/p>\n<h1>Luchtvaart<\/h1>\n<p>[\/et_pb_text][\/et_pb_column][\/et_pb_row][et_pb_row admin_label=&#8221;row&#8221; background_position=&#8221;top_left&#8221; background_repeat=&#8221;repeat&#8221; background_size=&#8221;initial&#8221;][et_pb_column type=&#8221;1_4&#8243;][\/et_pb_column][et_pb_column type=&#8221;3_4&#8243;][et_pb_text admin_label=&#8221;High-tech&#8221; background_layout=&#8221;light&#8221; use_border_color=&#8221;off&#8221; background_position=&#8221;top_left&#8221; background_repeat=&#8221;repeat&#8221; background_size=&#8221;initial&#8221; _builder_version=&#8221;3.0.95&#8243;]<\/p>\n<h2>High-tech, om op te stijgen\u2026<\/h2>\n<h3>Met de focus op de extreem hoge eisen van de luchtvaartindustrie. Ons key-account luchtvaartteam concentreert zich op het verspanen van materialen zoals CFK\u2019s, titanium- en aluminiumlegeringen of superlegeringen.<\/h3>\n<p><span style=\"color: black;\">\u00a0<\/span><\/p>\n<p><a href=\"https:\/\/www.guehring.de\/guehring-wAssets\/docs\/demo\/EN\/industries\/Aircraft_en.pdf\" target=\"_blank\" rel=\"noopener\"><img loading=\"lazy\" decoding=\"async\" class=\"alignnone wp-image-1323 size-full\" src=\"https:\/\/be.guehring.com\/wp-content\/uploads\/2014\/03\/pdf_grau_icon.png\" alt=\"Aerospace\" width=\"80\" height=\"80\" \/><\/a><\/p>\n<p>[\/et_pb_text][\/et_pb_column][\/et_pb_row][et_pb_row admin_label=&#8221;row&#8221; background_position=&#8221;top_left&#8221; background_repeat=&#8221;repeat&#8221; background_size=&#8221;initial&#8221;][et_pb_column type=&#8221;4_4&#8243;][et_pb_image admin_label=&#8221;Flieger&#8221; src=&#8221;\/wp-content\/uploads\/2014\/03\/flieger.png&#8221; url_new_window=&#8221;off&#8221; animation=&#8221;left&#8221; show_in_lightbox=&#8221;off&#8221; animation_style=&#8221;slide&#8221; animation_duration=&#8221;500ms&#8221; animation_intensity_slide=&#8221;10%&#8221; animation_direction=&#8221;left&#8221; show_bottom_space=&#8221;on&#8221;]<br \/>\n[\/et_pb_image][\/et_pb_column][\/et_pb_row][\/et_pb_section][et_pb_section bb_built=&#8221;1&#8243; admin_label=&#8221;section&#8221; fullwidth=&#8221;off&#8221; background_image=&#8221;\/wp-content\/uploads\/2014\/03\/hg_automotive1.jpg&#8221; background_color=&#8221;#ffffff&#8221; inner_shadow=&#8221;off&#8221; parallax=&#8221;on&#8221; parallax_method=&#8221;off&#8221; transparent_background=&#8221;off&#8221; allow_player_pause=&#8221;off&#8221; padding_mobile=&#8221;off&#8221; make_fullwidth=&#8221;off&#8221; use_custom_width=&#8221;off&#8221; width_unit=&#8221;on&#8221; make_equal=&#8221;off&#8221; use_custom_gutter=&#8221;off&#8221; gutter_width=&#8221;3&#8243; custom_padding_tablet=&#8221;50px|0|50px|0&#8243; custom_padding_last_edited=&#8221;on|desktop&#8221;][et_pb_row admin_label=&#8221;row&#8221; background_position=&#8221;top_left&#8221; background_repeat=&#8221;repeat&#8221; background_size=&#8221;initial&#8221;][et_pb_column type=&#8221;4_4&#8243;][et_pb_text admin_label=&#8221;Automotive&#8221; background_layout=&#8221;light&#8221; use_border_color=&#8221;off&#8221; background_position=&#8221;top_left&#8221; background_repeat=&#8221;repeat&#8221; background_size=&#8221;initial&#8221; _builder_version=&#8221;3.0.95&#8243;]<\/p>\n<p><a name=\"automotive\"><\/a><\/p>\n<h1>Automobiel<\/h1>\n<h2>Non-stop ontwikkeling<\/h2>\n<h3>In nauwe samenwerking met vrijwel alle bekende producenten van personen- en vrachtwagens, speciale voertuigen, en hun toeleveranciers, ontwikkelt G\u00fchring de optimale tooling. Voor het effici\u00ebnt produceren van onderdelen denkt G\u00fchring mee in het optimaliseren van processen.<\/h3>\n<p><a href=\"https:\/\/www.guehring.de\/en\/industries\/automotive.php\" target=\"_blank\" rel=\"noopener\"><img loading=\"lazy\" decoding=\"async\" class=\"alignnone wp-image-1323 size-full\" src=\"https:\/\/wpbenl.guehring.de\/wp-content\/uploads\/2014\/03\/pdf_grau_icon.png\" alt=\"Automotive\" width=\"80\" height=\"80\" \/><\/a><\/p>\n<p>&nbsp;<\/p>\n<p>[\/et_pb_text][\/et_pb_column][\/et_pb_row][et_pb_row admin_label=&#8221;row&#8221; background_position=&#8221;top_left&#8221; background_repeat=&#8221;repeat&#8221; background_size=&#8221;initial&#8221;][et_pb_column type=&#8221;4_4&#8243;][et_pb_divider color=&#8221;#ffffff&#8221; show_divider=&#8221;off&#8221; height=&#8221;150&#8243; disabled_on=&#8221;on|on|off&#8221;]<br \/>\n[\/et_pb_divider][\/et_pb_column][\/et_pb_row][\/et_pb_section][et_pb_section bb_built=&#8221;1&#8243; admin_label=&#8221;section&#8221; fullwidth=&#8221;off&#8221; background_image=&#8221;\/wp-content\/uploads\/2014\/03\/hg_automotive2.jpg&#8221; background_color=&#8221;#ffffff&#8221; inner_shadow=&#8221;off&#8221; parallax=&#8221;off&#8221; parallax_method=&#8221;off&#8221; transparent_background=&#8221;off&#8221; allow_player_pause=&#8221;off&#8221; padding_mobile=&#8221;off&#8221; make_fullwidth=&#8221;off&#8221; use_custom_width=&#8221;off&#8221; width_unit=&#8221;on&#8221; make_equal=&#8221;off&#8221; use_custom_gutter=&#8221;off&#8221; gutter_width=&#8221;3&#8243; custom_padding_tablet=&#8221;50px|0|50px|0&#8243; custom_padding_last_edited=&#8221;on|desktop&#8221;][et_pb_row admin_label=&#8221;row&#8221; background_position=&#8221;top_left&#8221; background_repeat=&#8221;repeat&#8221; background_size=&#8221;initial&#8221;][et_pb_column type=&#8221;1_2&#8243;][et_pb_text admin_label=&#8221;General Engineering &#8211; Head&#8221; background_layout=&#8221;light&#8221; use_border_color=&#8221;off&#8221; background_position=&#8221;top_left&#8221; background_repeat=&#8221;repeat&#8221; background_size=&#8221;initial&#8221; _builder_version=&#8221;3.0.95&#8243;]<\/p>\n<h1>Algemene Machinebouw<\/h1>\n<h2>Alles van \u00e9\u00e9n leverancier<\/h2>\n<p><a href=\"https:\/\/www.guehring.de\/guehring-wAssets\/docs\/demo\/Dienstleistung\/Retooling_2017_Broschuere.pdf\" target=\"_blank\" rel=\"noopener\"><img loading=\"lazy\" decoding=\"async\" class=\"alignnone wp-image-866 size-full\" src=\"https:\/\/wpbenl.guehring.de\/wp-content\/uploads\/2014\/03\/icon_pdf.png\" alt=\"OEM - Retooling\" width=\"86\" height=\"86\" \/><\/a><\/p>\n<h4><\/h4>\n<p>[\/et_pb_text][\/et_pb_column][et_pb_column type=&#8221;1_2&#8243;][et_pb_text background_layout=&#8221;light&#8221; use_border_color=&#8221;off&#8221; background_position=&#8221;top_left&#8221; background_repeat=&#8221;repeat&#8221; background_size=&#8221;initial&#8221; _builder_version=&#8221;3.0.95&#8243;]<\/p>\n<h3>G\u00fchring is een actieve partner in de machinebouw branche. Onze OEM afdeling ontwikkelt complete bewerkingsplannen op basis van 3 dimensionale data van werkstuk, gereedschap en proces. Het proces wordt zo ingericht dat op de meest economische manier werkstukken geproduceerd kunnen worden.<\/h3>\n<p>[\/et_pb_text][\/et_pb_column][\/et_pb_row][et_pb_row admin_label=&#8221;row&#8221; background_position=&#8221;top_left&#8221; background_repeat=&#8221;repeat&#8221; background_size=&#8221;initial&#8221;][et_pb_column type=&#8221;4_4&#8243;][et_pb_divider color=&#8221;#ffffff&#8221; show_divider=&#8221;off&#8221; height=&#8221;150&#8243; divider_style=&#8221;solid&#8221; divider_position=&#8221;top&#8221; divider_weight=&#8221;1&#8243; hide_on_mobile=&#8221;on&#8221; disabled_on=&#8221;on|on|off&#8221;]<br \/>\n[\/et_pb_divider][\/et_pb_column][\/et_pb_row][et_pb_row background_position=&#8221;top_left&#8221; background_repeat=&#8221;repeat&#8221; background_size=&#8221;initial&#8221;][et_pb_column type=&#8221;4_4&#8243;][et_pb_text background_layout=&#8221;light&#8221; text_orientation=&#8221;left&#8221; text_font_size=&#8221;14&#8243; use_border_color=&#8221;off&#8221; border_color=&#8221;#ffffff&#8221; border_style=&#8221;solid&#8221; background_position=&#8221;top_left&#8221; background_repeat=&#8221;repeat&#8221; background_size=&#8221;initial&#8221; _builder_version=&#8221;3.0.95&#8243;]<\/p>\n<h2><strong>Om dit te realiseren worden uitgebreide testen en simulaties doorgevoerd en zijn onze mensen op locatie aanwezig om het productieproces op te starten en verder te optimaliseren.<\/strong><\/h2>\n<p>[\/et_pb_text][\/et_pb_column][\/et_pb_row][\/et_pb_section][et_pb_section bb_built=&#8221;1&#8243; admin_label=&#8221;section&#8221; fullwidth=&#8221;off&#8221; background_image=&#8221;\/wp-content\/uploads\/2014\/03\/hg_engeneer.jpg&#8221; background_color=&#8221;#ffffff&#8221; inner_shadow=&#8221;off&#8221; parallax=&#8221;off&#8221; parallax_method=&#8221;off&#8221; transparent_background=&#8221;off&#8221; allow_player_pause=&#8221;off&#8221; padding_mobile=&#8221;off&#8221; make_fullwidth=&#8221;off&#8221; use_custom_width=&#8221;off&#8221; width_unit=&#8221;on&#8221; make_equal=&#8221;off&#8221; use_custom_gutter=&#8221;off&#8221; gutter_width=&#8221;3&#8243; custom_padding_tablet=&#8221;50px|0|50px|0&#8243; custom_padding_last_edited=&#8221;on|desktop&#8221;][et_pb_row admin_label=&#8221;row&#8221; background_position=&#8221;top_left&#8221; background_repeat=&#8221;repeat&#8221; background_size=&#8221;initial&#8221;][et_pb_column type=&#8221;4_4&#8243;][et_pb_text admin_label=&#8221;Energy Technology&#8221; background_layout=&#8221;light&#8221; use_border_color=&#8221;off&#8221; background_position=&#8221;top_left&#8221; background_repeat=&#8221;repeat&#8221; background_size=&#8221;initial&#8221; _builder_version=&#8221;3.0.95&#8243;]<\/p>\n<p><a name=\"energytechnology\"><\/a><\/p>\n<h1>Energie,<\/h1>\n<div>\n<div>\n<h2>visionaire gereedschappen ter ondersteuning van een beter milieu<\/h2>\n<h3>Windenergie, turbines, krachtcentrales,\u2026, G\u00fchring biedt vooruitstrevende gereedschappen voor vooruitstrevende technologie.<\/h3>\n<p><a href=\"https:\/\/www.guehring.de\/en\/industries\/energy-technology.php\" target=\"_blank\" rel=\"noopener\"><img loading=\"lazy\" decoding=\"async\" class=\"alignnone wp-image-1323 size-full\" src=\"https:\/\/wpbenl.guehring.de\/wp-content\/uploads\/2014\/03\/pdf_grau_icon.png\" alt=\"Energy technology\" width=\"80\" height=\"80\" \/><\/a><\/p>\n<\/div>\n<\/div>\n<p>[\/et_pb_text][\/et_pb_column][\/et_pb_row][et_pb_row admin_label=&#8221;row&#8221; background_position=&#8221;top_left&#8221; background_repeat=&#8221;repeat&#8221; background_size=&#8221;initial&#8221;][et_pb_column type=&#8221;4_4&#8243;][et_pb_divider color=&#8221;#ffffff&#8221; show_divider=&#8221;off&#8221; height=&#8221;150&#8243; disabled_on=&#8221;on|on|off&#8221;]<br \/>\n[\/et_pb_divider][\/et_pb_column][\/et_pb_row][\/et_pb_section]<\/p>\n","protected":false},"excerpt":{"rendered":"<p>Samengebalde kennis en ervaring Performante oplossingen voor snelgroeiende industrietakken &nbsp; G\u00fchring beschikt over eigen key-account afdelingen voor specifieke sectoren als automobiel, luchtvaart,\u2026 Wij beschikken over een enorme know-how\u2026 &nbsp; Luchtvaart High-tech, om op te stijgen\u2026 Met de focus op de extreem hoge eisen van de luchtvaartindustrie. Ons key-account luchtvaartteam concentreert zich op het verspanen van [&hellip;]<\/p>\n","protected":false},"author":1,"featured_media":0,"parent":0,"menu_order":0,"comment_status":"open","ping_status":"open","template":"","meta":{"_et_pb_use_builder":"on","_et_pb_old_content":"","_et_gb_content_width":"","footnotes":""},"class_list":["post-342","page","type-page","status-publish","hentry"],"_links":{"self":[{"href":"https:\/\/www.guehring.be\/index.php?rest_route=\/wp\/v2\/pages\/342","targetHints":{"allow":["GET"]}}],"collection":[{"href":"https:\/\/www.guehring.be\/index.php?rest_route=\/wp\/v2\/pages"}],"about":[{"href":"https:\/\/www.guehring.be\/index.php?rest_route=\/wp\/v2\/types\/page"}],"author":[{"embeddable":true,"href":"https:\/\/www.guehring.be\/index.php?rest_route=\/wp\/v2\/users\/1"}],"replies":[{"embeddable":true,"href":"https:\/\/www.guehring.be\/index.php?rest_route=%2Fwp%2Fv2%2Fcomments&post=342"}],"version-history":[{"count":58,"href":"https:\/\/www.guehring.be\/index.php?rest_route=\/wp\/v2\/pages\/342\/revisions"}],"predecessor-version":[{"id":2067,"href":"https:\/\/www.guehring.be\/index.php?rest_route=\/wp\/v2\/pages\/342\/revisions\/2067"}],"wp:attachment":[{"href":"https:\/\/www.guehring.be\/index.php?rest_route=%2Fwp%2Fv2%2Fmedia&parent=342"}],"curies":[{"name":"wp","href":"https:\/\/api.w.org\/{rel}","templated":true}]}}